{"id":78,"date":"2009-05-30T01:27:12","date_gmt":"2009-05-29T23:27:12","guid":{"rendered":"http:\/\/www.gv-eddersheim.de\/web\/?page_id=78"},"modified":"2011-06-28T15:45:22","modified_gmt":"2011-06-28T13:45:22","slug":"fahnen","status":"publish","type":"page","link":"https:\/\/www.gv-eddersheim.de\/?page_id=78","title":{"rendered":"Fahnen"},"content":{"rendered":"<p><strong>Vereinsfahnen aus den Jahren 1913 und 1932 <\/strong><\/p>\n<p style=\"text-align: justify;\">Im Jahr 2000 haben wir im Vorstand beschlossen, die zwei traditionellen Vereinsfahnen aus den Jahren 1913 und 1932 unseres Gesangvereins in einen pr\u00e4sentierbaren Zustand wiederherstellen zu lassen. Beide Fahnen haben wir von der renommierten Fahnenstickerei &#8222;Fahnen K\u00f6ssinger&#8220; in Schierling bei Regensburg begutachten lassen, um dieses wertvolle Kulturgut der \u00d6ffentlichkeit zu erhalten. Die Fahne aus dem Jahre 1913 wurde mit einem Spezialverfahren konserviert, um sie f\u00fcr alle B\u00fcrger sichtbar hinter Glas aufbewahren zu k\u00f6nnen. Um die Vereinsfahne aus dem Jahre 1932 bei Umz\u00fcgen und Veranstaltungen mitzuf\u00fchren, haben wir diese reinigen und restaurieren lassen.<br \/>\nDargestellt wird hier ein Ausschnitt der Vorderseite und die R\u00fcckseite der Vereinsfahne aus dem Jahre 1932, die die Vereinigung der beiden Vereine Liederkranz und Eintracht veranschaulicht.<\/p>\n<p style=\"text-align: center;\"><img loading=\"lazy\" decoding=\"async\" class=\"alignnone size-full wp-image-79\" title=\"f1-ax5_trans_kl\" src=\"http:\/\/www.gv-eddersheim.de\/wp-content\/uploads\/2009\/05\/f1-ax5_trans_kl.gif\" alt=\"f1-ax5_trans_kl\" width=\"150\" height=\"148\" \/> <img loading=\"lazy\" decoding=\"async\" class=\"alignnone size-full wp-image-80\" title=\"f1-ax_trans_kl\" src=\"http:\/\/www.gv-eddersheim.de\/wp-content\/uploads\/2009\/05\/f1-ax_trans_kl.gif\" alt=\"f1-ax_trans_kl\" width=\"150\" height=\"150\" \/><\/p>\n<p style=\"text-align: justify;\">Mit gro\u00dfz\u00fcgigen Spenden waren viele bereit uns dabei zu unterst\u00fctzen und die entstandenen Kosten gering zu halten<br \/>\nDaf\u00fcr bedanken wir uns recht herzlich und werden Ihnen bei laufenden Aktivit\u00e4ten unsere Vereinsfahnen mit gro\u00dfem Stolz pr\u00e4sentieren.<\/p>\n<p style=\"text-align: justify;\">Am 3. Eddersheimer Musiktag, im September 2001, erfolgte die erste Vorstellung der restaurierten bzw. konservierten Vereinsfahnen, Schauen Sie sich in folgenden Bildern einen Mitschnitt der Konservierung an:<\/p>\n<p style=\"text-align: center;\"><a href=\"http:\/\/www.gv-eddersheim.de\/wp-content\/uploads\/2009\/05\/1863_vorher_nachher_1_50.jpg\" target=\"_blank\"><img loading=\"lazy\" decoding=\"async\" class=\"alignnone size-thumbnail wp-image-81\" title=\"1863_vorher_nachher_1_50\" src=\"http:\/\/www.gv-eddersheim.de\/wp-content\/uploads\/2009\/05\/1863_vorher_nachher_1_50-150x150.jpg\" alt=\"1863_vorher_nachher_1_50\" width=\"150\" height=\"150\" \/><\/a> <a href=\"http:\/\/www.gv-eddersheim.de\/wp-content\/uploads\/2009\/05\/fahne1_vorher_nachher_1_25.jpg\" target=\"_blank\"><img loading=\"lazy\" decoding=\"async\" class=\"alignnone size-thumbnail wp-image-82\" title=\"fahne1_vorher_nachher_1_25\" src=\"http:\/\/www.gv-eddersheim.de\/wp-content\/uploads\/2009\/05\/fahne1_vorher_nachher_1_25-150x150.jpg\" alt=\"fahne1_vorher_nachher_1_25\" width=\"150\" height=\"150\" \/><\/a><\/p>\n<p style=\"text-align: center;\"><a href=\"http:\/\/www.gv-eddersheim.de\/wp-content\/uploads\/2009\/05\/fahne1_vorher_nachher_1_251.jpg\" target=\"_blank\"><img loading=\"lazy\" decoding=\"async\" class=\"alignnone size-thumbnail wp-image-83\" title=\"fahne1_vorher_nachher_1_251\" src=\"http:\/\/www.gv-eddersheim.de\/wp-content\/uploads\/2009\/05\/fahne1_vorher_nachher_1_251-150x150.jpg\" alt=\"fahne1_vorher_nachher_1_251\" width=\"150\" height=\"150\" \/><\/a> <a href=\"http:\/\/www.gv-eddersheim.de\/wp-content\/uploads\/2009\/05\/noten_vorher_nachher_1_30.jpg\" target=\"_blank\"><img loading=\"lazy\" decoding=\"async\" class=\"alignnone size-thumbnail wp-image-84\" title=\"noten_vorher_nachher_1_30\" src=\"http:\/\/www.gv-eddersheim.de\/wp-content\/uploads\/2009\/05\/noten_vorher_nachher_1_30-150x150.jpg\" alt=\"noten_vorher_nachher_1_30\" width=\"150\" height=\"150\" \/><br \/>\n<\/a>Bitte auf ein Bild klicken um es zu vergr\u00f6\u00dfern<\/p>\n<p style=\"text-align: left;\">\n<p style=\"text-align: justify;\">M\u00f6chten Sie n\u00e4heres \u00fcber die Vereinsfahnen oder unseren Verein erfahren, so nehmen Sie Kontakt zu einem Mitglied des Vorstandes Ihrer Wahl auf. Wir freuen uns Sie beim Gesangverein Liederkranz-Eintracht Eddersheim am Main e. V. begr\u00fc\u00dfen zu d\u00fcrfen.<\/p>\n","protected":false},"excerpt":{"rendered":"<p>Vereinsfahnen aus den Jahren 1913 und 1932 Im Jahr 2000 haben wir im Vorstand beschlossen, die zwei traditionellen Vereinsfahnen aus den Jahren 1913 und 1932 unseres Gesangvereins in einen pr\u00e4sentierbaren Zustand wiederherstellen zu lassen. Beide Fahnen haben wir von der renommierten Fahnenstickerei &#8222;Fahnen K\u00f6ssinger&#8220; in Schierling bei Regensburg begutachten lassen, um dieses wertvolle Kulturgut der [&hellip;]<\/p>\n","protected":false},"author":2,"featured_media":0,"parent":54,"menu_order":5,"comment_status":"closed","ping_status":"closed","template":"","meta":{"footnotes":""},"class_list":["post-78","page","type-page","status-publish","hentry"],"_links":{"self":[{"href":"https:\/\/www.gv-eddersheim.de\/index.php?rest_route=\/wp\/v2\/pages\/78","targetHints":{"allow":["GET"]}}],"collection":[{"href":"https:\/\/www.gv-eddersheim.de\/index.php?rest_route=\/wp\/v2\/pages"}],"about":[{"href":"https:\/\/www.gv-eddersheim.de\/index.php?rest_route=\/wp\/v2\/types\/page"}],"author":[{"embeddable":true,"href":"https:\/\/www.gv-eddersheim.de\/index.php?rest_route=\/wp\/v2\/users\/2"}],"replies":[{"embeddable":true,"href":"https:\/\/www.gv-eddersheim.de\/index.php?rest_route=%2Fwp%2Fv2%2Fcomments&post=78"}],"version-history":[{"count":12,"href":"https:\/\/www.gv-eddersheim.de\/index.php?rest_route=\/wp\/v2\/pages\/78\/revisions"}],"predecessor-version":[{"id":390,"href":"https:\/\/www.gv-eddersheim.de\/index.php?rest_route=\/wp\/v2\/pages\/78\/revisions\/390"}],"up":[{"embeddable":true,"href":"https:\/\/www.gv-eddersheim.de\/index.php?rest_route=\/wp\/v2\/pages\/54"}],"wp:attachment":[{"href":"https:\/\/www.gv-eddersheim.de\/index.php?rest_route=%2Fwp%2Fv2%2Fmedia&parent=78"}],"curies":[{"name":"wp","href":"https:\/\/api.w.org\/{rel}","templated":true}]}}