{"id":68,"date":"2009-05-30T01:10:06","date_gmt":"2009-05-29T23:10:06","guid":{"rendered":"http:\/\/www.gv-eddersheim.de\/web\/?page_id=68"},"modified":"2023-06-07T19:08:43","modified_gmt":"2023-06-07T17:08:43","slug":"impressum","status":"publish","type":"page","link":"https:\/\/www.gv-eddersheim.de\/?page_id=68","title":{"rendered":"Impressum"},"content":{"rendered":"<p style=\"text-align: justify;\"><strong>Verantwortungsbereich:<\/strong> Das Impressum gilt nur f\u00fcr die Internetpr\u00e4senz unter den Adressen:<\/p>\n<ol>\n<li>http:\/\/www.gv-eddersheim.de<\/li>\n<li>http:\/\/gv-eddersheim.de<\/li>\n<li>http:\/\/www.gesangverein-eddersheim.de<\/li>\n<li>http:\/\/gesangverein-eddersheim.de<\/li>\n<\/ol>\n<p style=\"text-align: justify;\">(inkl aller Unterverzeichnisse)<\/p>\n<p style=\"text-align: justify;\"><strong>Diensteanbieter und verantwortliche Ansprechperson:<\/strong> Herr Harry Bartels<\/p>\n<p style=\"text-align: justify;\"><strong>Anschrift: <\/strong>Bahnhofstr.47, 65795 Hattersheim<\/p>\n<p style=\"text-align: justify;\"><strong>elektronische Postadresse<\/strong>: kontakt [at] gv-eddersheim.de<\/p>\n<p style=\"text-align: justify;\"><strong>Schnelle elektronische und unmittelbare Kommunikation:<\/strong> Tel.: (06145) 31003<\/p>\n<p style=\"text-align: justify;\"><strong>Zweck dieses Webprojektes:<\/strong> Informationen \u00fcber den Gesangverein Liederkranz-Eintracht Eddersheim e.V.<\/p>\n<p style=\"text-align: justify;\">Keine Haftung: Die Inhalte dieses Webprojektes wurden sorgf\u00e4ltig gepr\u00fcft und nach bestem Wissen erstellt. Aber f\u00fcr die hier dargebotenen Informationen wird kein Anspruch auf Vollst\u00e4ndigkeit, Aktualit\u00e4t, Qualit\u00e4t und Richtigkeit erhoben. Es kann keine Verantwortung f\u00fcr Sch\u00e4den \u00fcbernommen werden, die durch das Vertrauen auf die Inhalte dieser Website oder deren Gebrauch entstehen.<\/p>\n<p style=\"text-align: justify;\">Schutzrechtsverletzung: Falls Sie vermuten, dass von dieser Website aus eines Ihrer Schutzrechte verletzt wird, teilen Sie das bitte umgehend per elektronischer Post mit, damit z\u00fcgig Abhilfe geschafft werden kann. Bitte nehmen Sie zur Kenntnis: Die zeitaufw\u00e4ndigere Einschaltung eines Anwaltes zur f\u00fcr den Diensteanbieter kostenpflichtigen Abmahnung entspricht nicht dessen wirklichen oder mutma\u00dflichen Willen.<\/p>\n<p style=\"text-align: justify;\">Wichtiger Hinweis zu allen Links:<\/p>\n<p style=\"text-align: justify;\">Mit Urteil vom 12. Mai 1998 &#8211; 312 O 85\/98 &#8211; &#8222;Haftung f\u00fcr Links&#8220; hat das Landgericht (LG) Hamburg entschieden, dass man durch die Anbringung eines Links, die Inhalte der gelinkten Seite ggf. mit zu verantworten hat. Dies kann &#8211; so das LG &#8211; nur dadurch verhindert werden, dass man sich ausdr\u00fccklich von diesen Inhalten distanziert.<\/p>\n<p style=\"text-align: justify;\">Hiermit distanzieren wir uns ausdr\u00fccklich von allen Inhalten aller gelinkten Seiten auf unserer Homepage und machen uns diese Inhalte nicht zu eigen. Diese Erkl\u00e4rung gilt f\u00fcr alle auf dieser Website angebrachten Links.<\/p>\n<p style=\"text-align: justify;\">Alle auf dieser Website genannten Produktnamen, Produktbezeichnungen und Logos sind eingetragene Warenzeichen und Eigentum der jeweiligen Rechteinhaber.<\/p>\n","protected":false},"excerpt":{"rendered":"<p>Verantwortungsbereich: Das Impressum gilt nur f\u00fcr die Internetpr\u00e4senz unter den Adressen: http:\/\/www.gv-eddersheim.de http:\/\/gv-eddersheim.de http:\/\/www.gesangverein-eddersheim.de http:\/\/gesangverein-eddersheim.de (inkl aller Unterverzeichnisse) Diensteanbieter und verantwortliche Ansprechperson: Herr Harry Bartels Anschrift: Bahnhofstr.47, 65795 Hattersheim elektronische Postadresse: kontakt [at] gv-eddersheim.de Schnelle elektronische und unmittelbare Kommunikation: Tel.: (06145) 31003 Zweck dieses Webprojektes: Informationen \u00fcber den Gesangverein Liederkranz-Eintracht Eddersheim e.V. Keine Haftung: Die [&hellip;]<\/p>\n","protected":false},"author":2,"featured_media":0,"parent":54,"menu_order":10,"comment_status":"closed","ping_status":"closed","template":"","meta":{"footnotes":""},"class_list":["post-68","page","type-page","status-publish","hentry"],"_links":{"self":[{"href":"https:\/\/www.gv-eddersheim.de\/index.php?rest_route=\/wp\/v2\/pages\/68","targetHints":{"allow":["GET"]}}],"collection":[{"href":"https:\/\/www.gv-eddersheim.de\/index.php?rest_route=\/wp\/v2\/pages"}],"about":[{"href":"https:\/\/www.gv-eddersheim.de\/index.php?rest_route=\/wp\/v2\/types\/page"}],"author":[{"embeddable":true,"href":"https:\/\/www.gv-eddersheim.de\/index.php?rest_route=\/wp\/v2\/users\/2"}],"replies":[{"embeddable":true,"href":"https:\/\/www.gv-eddersheim.de\/index.php?rest_route=%2Fwp%2Fv2%2Fcomments&post=68"}],"version-history":[{"count":14,"href":"https:\/\/www.gv-eddersheim.de\/index.php?rest_route=\/wp\/v2\/pages\/68\/revisions"}],"predecessor-version":[{"id":1138,"href":"https:\/\/www.gv-eddersheim.de\/index.php?rest_route=\/wp\/v2\/pages\/68\/revisions\/1138"}],"up":[{"embeddable":true,"href":"https:\/\/www.gv-eddersheim.de\/index.php?rest_route=\/wp\/v2\/pages\/54"}],"wp:attachment":[{"href":"https:\/\/www.gv-eddersheim.de\/index.php?rest_route=%2Fwp%2Fv2%2Fmedia&parent=68"}],"curies":[{"name":"wp","href":"https:\/\/api.w.org\/{rel}","templated":true}]}}