{"id":458,"date":"2013-03-08T10:16:38","date_gmt":"2013-03-08T09:16:38","guid":{"rendered":"http:\/\/www.gv-eddersheim.de\/?page_id=458"},"modified":"2017-03-05T19:12:29","modified_gmt":"2017-03-05T18:12:29","slug":"sugars-2013","status":"publish","type":"page","link":"https:\/\/www.gv-eddersheim.de\/?page_id=458","title":{"rendered":"Sugar Babies"},"content":{"rendered":"<p style=\"text-align: center;\"><img loading=\"lazy\" decoding=\"async\" title=\"sugarslogo3\" class=\"aligncenter size-medium wp-image-810\" src=\"http:\/\/www.gv-eddersheim.de\/wp-content\/uploads\/2013\/03\/sugarslogo3-450x180.png\" alt=\"sugarslogo3\" width=\"450\" height=\"180\" style=\"width: 438px; height: 168px;\" srcset=\"https:\/\/www.gv-eddersheim.de\/wp-content\/uploads\/2013\/03\/sugarslogo3-450x180.png 450w, https:\/\/www.gv-eddersheim.de\/wp-content\/uploads\/2013\/03\/sugarslogo3-1024x411.png 1024w\" sizes=\"auto, (max-width: 450px) 100vw, 450px\" \/><\/p>\n<p>Wir,  die Tanzgruppe <strong>Sugar Babies<\/strong>, wurden 1973 als erste Kindertanzgruppe von Irma Schrader in Eddersheim gegr\u00fcndet.<\/p>\n<p style=\"text-align: left;\">Wenn es um die Musikauswahl und Choreographie f\u00fcr einen neuen Tanz geht, ist unsere eigene Kreativit\u00e4t gefragt. So entstehen Jahr f\u00fcr Jahr tolle T\u00e4nze, die mit viel Zeitaufwand und Liebe zum Detail erarbeitet werden. Auch privat sind wir ein tolles Team und wenn es ums Feiern geht, machen wir gemeinsam gerne die Nacht zum Tag.<\/p>\n<p style=\"text-align: left;\">\n<p style=\"text-align: left;\"><img loading=\"lazy\" decoding=\"async\" title=\"sugars\" class=\"aligncenter size-medium wp-image-883\" src=\"http:\/\/www.gv-eddersheim.de\/wp-content\/uploads\/2013\/03\/sugars-450x337.jpg\" alt=\"sugars\" width=\"450\" height=\"337\" srcset=\"https:\/\/www.gv-eddersheim.de\/wp-content\/uploads\/2013\/03\/sugars-450x337.jpg 450w, https:\/\/www.gv-eddersheim.de\/wp-content\/uploads\/2013\/03\/sugars.jpg 960w\" sizes=\"auto, (max-width: 450px) 100vw, 450px\" \/><\/p>\n<p>2012 haben wir den Schritt gewagt, am Fischerfest mit unserem Cocktailstand in einen eigenen Hof zu gehen &#8211; die M\u00fche hat sich gelohnt! Wir sind noch immer \u00fcberw\u00e4ltigt von so viel positivem Feedback.<\/p>\n<p><a href=\"http:\/\/www.gv-eddersheim.de\/wp-content\/uploads\/2013\/03\/img_6287.jpg\"><img loading=\"lazy\" decoding=\"async\" title=\"Flamingos\" class=\"aligncenter size-medium wp-image-927\" src=\"http:\/\/www.gv-eddersheim.de\/wp-content\/uploads\/2013\/03\/img_6287-337x450.jpg\" alt=\"Flamingos\" width=\"337\" height=\"450\" srcset=\"https:\/\/www.gv-eddersheim.de\/wp-content\/uploads\/2013\/03\/img_6287-337x450.jpg 337w, https:\/\/www.gv-eddersheim.de\/wp-content\/uploads\/2013\/03\/img_6287-768x1024.jpg 768w, https:\/\/www.gv-eddersheim.de\/wp-content\/uploads\/2013\/03\/img_6287.jpg 1200w\" sizes=\"auto, (max-width: 337px) 100vw, 337px\" \/><\/a><a href=\"http:\/\/www.gv-eddersheim.de\/wp-content\/uploads\/2013\/03\/img_6287.jpg\"><\/a><\/p>\n<p>Auftritte haben wir zur Fastnachtszeit auf verschiedenen Sitzungen und auch bei den Faschingsumz\u00fcgen in Hattersheim und Fl\u00f6rsheim sind wir jedes Jahr dabei.<\/p>\n<p style=\"text-align: left;\"><img loading=\"lazy\" decoding=\"async\" title=\"12670733_1104894526217170_8882799760834953407_n\" class=\"aligncenter size-medium wp-image-881\" src=\"http:\/\/www.gv-eddersheim.de\/wp-content\/uploads\/2013\/03\/12670733_1104894526217170_8882799760834953407_n-450x332.jpg\" alt=\"12670733_1104894526217170_8882799760834953407_n\" width=\"450\" height=\"332\" srcset=\"https:\/\/www.gv-eddersheim.de\/wp-content\/uploads\/2013\/03\/12670733_1104894526217170_8882799760834953407_n-450x332.jpg 450w, https:\/\/www.gv-eddersheim.de\/wp-content\/uploads\/2013\/03\/12670733_1104894526217170_8882799760834953407_n.jpg 903w\" sizes=\"auto, (max-width: 450px) 100vw, 450px\" \/><\/p>\n<p style=\"text-align: left;\">Wir tanzen nat\u00fcrlich auch gerne auf privaten Veranstaltungen, wie Geburtstagen und Hochzeiten sowie Gesch\u00e4fts- oder Vereinsfeiern. Also, wenn es was zum Feiern gibt und Sie noch eine t\u00e4nzerische Einlage brauchen, melden Sie sich bei uns.<\/p>\n<p>Wir trainieren einmal w\u00f6chentlich, donnerstags von 18:00 bis 20:00 Uhr im Begegnungshaus in Eddersheim.<\/p>\n<p>Wenn Du Lust bekommen hast mitzumachen, schau einfach mal im Training vorbei oder schreib uns<\/p>\n<p style=\"padding-left: 30px;\">sugarbabies@gv-eddersheim.de<br \/>\nhttps:\/\/www.facebook.com\/sugarbabies.eddersheim<br \/>\nhttp:\/\/www.sugarbabies-eddersheim.de.tl\/<\/p>\n<p>Wir freuen uns auf Dich<\/p>\n","protected":false},"excerpt":{"rendered":"<p>Wir, die Tanzgruppe Sugar Babies, wurden 1973 als erste Kindertanzgruppe von Irma Schrader in Eddersheim gegr\u00fcndet. Wenn es um die Musikauswahl und Choreographie f\u00fcr einen neuen Tanz geht, ist unsere eigene Kreativit\u00e4t gefragt. So entstehen Jahr f\u00fcr Jahr tolle T\u00e4nze, die mit viel Zeitaufwand und Liebe zum Detail erarbeitet werden. Auch privat sind wir ein [&hellip;]<\/p>\n","protected":false},"author":4,"featured_media":0,"parent":145,"menu_order":5,"comment_status":"closed","ping_status":"closed","template":"","meta":{"footnotes":""},"class_list":["post-458","page","type-page","status-publish","hentry"],"_links":{"self":[{"href":"https:\/\/www.gv-eddersheim.de\/index.php?rest_route=\/wp\/v2\/pages\/458","targetHints":{"allow":["GET"]}}],"collection":[{"href":"https:\/\/www.gv-eddersheim.de\/index.php?rest_route=\/wp\/v2\/pages"}],"about":[{"href":"https:\/\/www.gv-eddersheim.de\/index.php?rest_route=\/wp\/v2\/types\/page"}],"author":[{"embeddable":true,"href":"https:\/\/www.gv-eddersheim.de\/index.php?rest_route=\/wp\/v2\/users\/4"}],"replies":[{"embeddable":true,"href":"https:\/\/www.gv-eddersheim.de\/index.php?rest_route=%2Fwp%2Fv2%2Fcomments&post=458"}],"version-history":[{"count":55,"href":"https:\/\/www.gv-eddersheim.de\/index.php?rest_route=\/wp\/v2\/pages\/458\/revisions"}],"predecessor-version":[{"id":928,"href":"https:\/\/www.gv-eddersheim.de\/index.php?rest_route=\/wp\/v2\/pages\/458\/revisions\/928"}],"up":[{"embeddable":true,"href":"https:\/\/www.gv-eddersheim.de\/index.php?rest_route=\/wp\/v2\/pages\/145"}],"wp:attachment":[{"href":"https:\/\/www.gv-eddersheim.de\/index.php?rest_route=%2Fwp%2Fv2%2Fmedia&parent=458"}],"curies":[{"name":"wp","href":"https:\/\/api.w.org\/{rel}","templated":true}]}}