{"id":282,"date":"2010-03-01T20:18:45","date_gmt":"2010-03-01T18:18:45","guid":{"rendered":"http:\/\/www.gv-eddersheim.de\/?page_id=282"},"modified":"2010-03-15T19:36:59","modified_gmt":"2010-03-15T17:36:59","slug":"liederkranzchen","status":"publish","type":"page","link":"https:\/\/www.gv-eddersheim.de\/?page_id=282","title":{"rendered":"Liederkr\u00e4nzchen"},"content":{"rendered":"<h1 style=\"text-align: left;\"><span style=\"font-family: &quot;Times New Roman&quot;;\">Hohes Lampenfieber und gro\u00dfer Erfolg<\/span><\/h1>\n<p style=\"text-align: left;\"><span style=\"font-family: &quot;Times New Roman&quot;;\"><br \/>\n<\/span><\/p>\n<h2 style=\"text-align: left;\"><span style=\"font-family: &quot;Times New Roman&quot;;\">Liederkr\u00e4nzchen Eddersheim mit Andr\u00e9 Rieu in der Festhalle<\/span><\/h2>\n<p style=\"text-align: left;\">Das war ein aufregender Tag f\u00fcr den Kinderchor \u201eLiederkr\u00e4nzchen\u201c des Gesangvereins Liederkranz-Eintracht Eddersheim und seine Chorleiterin Beate M\u00fcller. Nachdem ihre jungen S\u00e4ngerinnen und S\u00e4nger in den vergangenen Jahren schon mehrmals beim Konzert der ABBA-Revival-Band in der Jahrhunderthalle mitgewirkt hatten, ging es nun die Erfolgsleiter eine weitere Stufe hinauf: Andr\u00e9 Rieu und sein Orchester gastierten in der ausverkauften Festhalle Frankfurt \u2013 und das Liederkr\u00e4nzchen mit ihnen!<\/p>\n<p style=\"text-align: left;\">Schon einige Wochen vorher waren Videos und Noten geschickt worden, und der Chor \u00fcbte flei\u00dfig seine Stimmen und die Choreographie. Am vergangenen Donnerstag war es nun soweit \u2013 der gro\u00dfe Auftritt stand bevor!<\/p>\n<p style=\"text-align: left;\">Bei Ankunft an der Festhalle wurden die Kinder von ihrem eigenen Betreuer und Coach Thomas empfangen, durch verzweigte G\u00e4nge zu ihrer Garderobe gef\u00fchrt und kurz mit den wichtigsten Verhaltensregeln im Hause sowie mit dem Zeitplan vertraut gemacht. Bald darauf ging es zu ersten Proben in den riesigen Saal mit seinen rund 12.000 Sitzpl\u00e4tzen. Betreuer Thomas fand sofort Zugang zu den Kindern, und so waren sie gerne bereit, wieder und wieder das korrekte und publikumswirksame Auftreten auf der gewaltigen B\u00fchne zu \u00fcben, wo schon alle Instrumente und Mikrophone aufgebaut waren.<\/p>\n<p style=\"text-align: left;\">Alles klappte prima, und so konnte nach einer kurzen Pause der eigentliche Soundcheck mit Headsets (drahtlose Mikrophone) und vor allem mit Andr\u00e9 Rieu und seiner Sopranisten Carmen Monarcha beginnen. Jetzt zahlte sich die gr\u00fcndliche Vorbereitung aus: Nur kurz musste geprobt und abgestimmt werden, und schon zeigte sich der sehr anspruchsvolle und gestrenge Orchesterchef zufrieden mit dem Eddersheimer Kinderchor. Zur\u00fcck in der Garderobe folgten trotzdem noch viele Probendurchg\u00e4nge, damit ein wirklich perfekter Auftritt absolviert werden konnte. Nun aber war es endlich Zeit zum Essen \u2013 ein sehr reichhaltiges Catering-Buffet wartete auf die Kinder. Besonders genossen sie, dass sie zusammen mit allen anderen Mitwirkenden der Show, T\u00e4nzern, Musikern, S\u00e4ngern und Technikern sitzen durften.<\/p>\n<p style=\"text-align: left;\">Nach dem Essen wurde die Auftrittsgarderobe angelegt \u2013 die Kinder sangen ganz in Wei\u00df \u2013 und ein letztes Mal geprobt. Allen Beteiligten war die Spannung gut anzusehen und das Lampenfieber kletterte auf unerreichte Spitzenwerte, als die jungen Chormitglieder hinter der B\u00fchne auf ihren Auftritt warteten, w\u00e4hrend oben noch die drei Ten\u00f6re im Rampenlicht standen.<\/p>\n<p style=\"text-align: left;\">Dann aber war es soweit: Angesagt von Andr\u00e9 Rieu selbst, eroberten die Eddersheimer Kinder die B\u00fchne, nahmen Aufstellung und sangen zusammen mit Carmen Monarcha ihr Lied \u2013 den \u201eEarth Song\u201c von Michael Jackson in einem eindrucksvollen Arrangement mit Chor und Orchester. Alles klappte wie am Schn\u00fcrchen, und so ernteten sie verdient begeisterten Beifall. Die Erleichterung \u00fcber den gelungenen Auftritt war den Kindern gut anzumerken, als sie wieder ihre Garderobe erreicht hatten \u2013 lauter Jubel erklang aus vielen Kinderkehlen.<\/p>\n<p style=\"text-align: left;\">Ein weiterer H\u00f6hepunkt stand noch bevor: Ein Erinnerungsfoto mit Andr\u00e9 Rieu und Carmen Monarcha. In der Pause kamen die beiden eigens zum Kinderchor und gelungene Aufnahmen konnten geschossen werden.<\/p>\n<p style=\"text-align: left;\">Den zweiten Teil des Konzertes durften die Chorkinder und ihre Betreuer von eigens f\u00fcr sie reservierten Pl\u00e4tzen in der Halle verfolgen \u2013 ein ums andere Mal spendeten sie lebhaften Applaus f\u00fcr die K\u00fcnstler auf der B\u00fchne, und zum gro\u00dfen Finale hielt es sie wie viele andere Besucher nicht mehr auf ihren Pl\u00e4tzen und zur \u201eSch\u00f6nen blauen Donau\u201c tanzten sie lebhaft in den G\u00e4ngen.<\/p>\n<p style=\"text-align: left;\">So endete schlie\u00dflich ein gro\u00dfes Konzerterlebnis mit einem ebenso gro\u00dfen Erfolg f\u00fcr den Kinderchor \u201eLiederkr\u00e4nzchen\u201c des Gesangvereins Liederkranz-Eintracht Eddersheim.<\/p>\n<p class=\"MsoNormal\" style=\"text-align: left;\">\n<div class=\"mceTemp mceIEcenter\">\n<dl id=\"attachment_287\" class=\"wp-caption aligncenter\" style=\"width: 460px;\">\n<dt class=\"wp-caption-dt\"><a href=\"http:\/\/www.gv-eddersheim.de\/wp-content\/uploads\/2010\/03\/andre-0371.jpg\"><img loading=\"lazy\" decoding=\"async\" class=\"size-medium wp-image-287\" title=\"andre-0371\" src=\"http:\/\/www.gv-eddersheim.de\/wp-content\/uploads\/2010\/03\/andre-0371-450x337.jpg\" alt=\"Liederkr\u00e4nzchen Eddersheim mit Andr\u00e9 Rieu in der Festhalle\" width=\"450\" height=\"337\" srcset=\"https:\/\/www.gv-eddersheim.de\/wp-content\/uploads\/2010\/03\/andre-0371-450x337.jpg 450w, https:\/\/www.gv-eddersheim.de\/wp-content\/uploads\/2010\/03\/andre-0371.jpg 800w\" sizes=\"auto, (max-width: 450px) 100vw, 450px\" \/><\/a>Liederkr\u00e4nzchen Eddersheim mit Andr\u00e9 Rieu und Carmen Monarcha <\/dt>\n<\/dl>\n<\/div>\n","protected":false},"excerpt":{"rendered":"<p>Hohes Lampenfieber und gro\u00dfer Erfolg Liederkr\u00e4nzchen Eddersheim mit Andr\u00e9 Rieu in der Festhalle Das war ein aufregender Tag f\u00fcr den Kinderchor \u201eLiederkr\u00e4nzchen\u201c des Gesangvereins Liederkranz-Eintracht Eddersheim und seine Chorleiterin Beate M\u00fcller. Nachdem ihre jungen S\u00e4ngerinnen und S\u00e4nger in den vergangenen Jahren schon mehrmals beim Konzert der ABBA-Revival-Band in der Jahrhunderthalle mitgewirkt hatten, ging es nun [&hellip;]<\/p>\n","protected":false},"author":2,"featured_media":0,"parent":7,"menu_order":0,"comment_status":"closed","ping_status":"closed","template":"","meta":{"footnotes":""},"class_list":["post-282","page","type-page","status-publish","hentry"],"_links":{"self":[{"href":"https:\/\/www.gv-eddersheim.de\/index.php?rest_route=\/wp\/v2\/pages\/282","targetHints":{"allow":["GET"]}}],"collection":[{"href":"https:\/\/www.gv-eddersheim.de\/index.php?rest_route=\/wp\/v2\/pages"}],"about":[{"href":"https:\/\/www.gv-eddersheim.de\/index.php?rest_route=\/wp\/v2\/types\/page"}],"author":[{"embeddable":true,"href":"https:\/\/www.gv-eddersheim.de\/index.php?rest_route=\/wp\/v2\/users\/2"}],"replies":[{"embeddable":true,"href":"https:\/\/www.gv-eddersheim.de\/index.php?rest_route=%2Fwp%2Fv2%2Fcomments&post=282"}],"version-history":[{"count":13,"href":"https:\/\/www.gv-eddersheim.de\/index.php?rest_route=\/wp\/v2\/pages\/282\/revisions"}],"predecessor-version":[{"id":307,"href":"https:\/\/www.gv-eddersheim.de\/index.php?rest_route=\/wp\/v2\/pages\/282\/revisions\/307"}],"up":[{"embeddable":true,"href":"https:\/\/www.gv-eddersheim.de\/index.php?rest_route=\/wp\/v2\/pages\/7"}],"wp:attachment":[{"href":"https:\/\/www.gv-eddersheim.de\/index.php?rest_route=%2Fwp%2Fv2%2Fmedia&parent=282"}],"curies":[{"name":"wp","href":"https:\/\/api.w.org\/{rel}","templated":true}]}}