{"id":15,"date":"2009-05-29T23:41:53","date_gmt":"2009-05-29T21:41:53","guid":{"rendered":"http:\/\/www.gv-eddersheim.de\/web\/?page_id=15"},"modified":"2019-10-03T11:01:35","modified_gmt":"2019-10-03T09:01:35","slug":"candy-girls","status":"publish","type":"page","link":"https:\/\/www.gv-eddersheim.de\/?page_id=15","title":{"rendered":"Candy Girls"},"content":{"rendered":"<p style=\"text-align: justify;\"><strong><a href=\"http:\/\/www.gv-eddersheim.de\/wp-content\/uploads\/2009\/10\/candys2009.jpg\"><img loading=\"lazy\" decoding=\"async\" class=\"aligncenter size-medium wp-image-234\" title=\"candys2009\" src=\"http:\/\/www.gv-eddersheim.de\/wp-content\/uploads\/2009\/10\/candys2009-450x303.jpg\" alt=\"candys2009\" width=\"450\" height=\"303\" srcset=\"https:\/\/www.gv-eddersheim.de\/wp-content\/uploads\/2009\/10\/candys2009-450x303.jpg 450w, https:\/\/www.gv-eddersheim.de\/wp-content\/uploads\/2009\/10\/candys2009.jpg 800w\" sizes=\"auto, (max-width: 450px) 100vw, 450px\" \/><\/a><\/strong><\/p>\n<div style=\"margin: 0px; font: 12px Arial;\"><span style=\"letter-spacing: 0px;\">Schaut man in den Kalender eines Candy Girls, so gibt es kaum einen Monat, wo nicht irgendwo Auftritt, Training, Treffen wegen Kost\u00fcmen o.\u00c4. zu lesen ist.<\/span><\/div>\n<div style=\"margin: 0px; font: 12px Arial;\"><span style=\"letter-spacing: 0px;\">Das ganze Jahr \u00fcber sind wir Candy Girls aktiv. Von Fasching bis zur Weihnachtsfeier und vom Drachenbootrennen bis hin zu unserem Getr\u00e4nkestand beim Eddersheimer Fischerfest.<\/span><\/div>\n<div style=\"margin: 0px; font: 12px Arial;\"><span style=\"letter-spacing: 0px;\">Wir M\u00e4dels zwischen 20 und 34 Jahren sind mit vollem Elan bei allen Aktivit\u00e4ten dabei. Mit viel Spa\u00df und Engagement trainieren wir seit mehreren Jahren ohne Trainer. Das bedeutet wir arbeiten gemeinsam mit viel Herzblut an der Choreografie, der Musikauswahl und den Kost\u00fcmen. Jedes Jahr wollen wir aufs Neue unser Publikum mit einem Tanz zu einem bestimmten Thema verzaubern. Wenn Sie uns f\u00fcr Familienfeste, Jubil\u00e4en, Firmenfeiern oder Messen buchen m\u00f6chten, haben wir ein breites Spektrum von verschiedenen Musicals \u00fcber Filmmusiken bis hin zu Chartliedern. Wir freuen uns aber auch jedes Jahr \u00fcber Nachwuchs ab 18 Jahren, der mit viel Spa\u00df und Freude mit uns tanzen m\u00f6chte.<\/span><\/div>\n<div style=\"margin: 0px; font: 12px Arial;\"><span style=\"letter-spacing: 0px;\">\u00a0<\/span><\/div>\n<div style=\"margin: 0px; font: 12px Arial;\"><span style=\"letter-spacing: 0px;\">\u00a0<\/span><\/div>\n<p style=\"margin: 0px; font: 12px Arial;\"><strong><span style=\"letter-spacing: 0px;\"><span style=\"color: #800000;\">Candy Girls 2011<\/span><\/span><\/strong><\/p>\n<div style=\"margin: 0px; font: 12px Arial;\"><span style=\"letter-spacing: 0px;\"><a href=\"http:\/\/www.gv-eddersheim.de\/wp-content\/uploads\/2009\/05\/neu-1.jpg\"><img loading=\"lazy\" decoding=\"async\" class=\"aligncenter size-medium wp-image-321\" title=\"Candy Girls 2011\" src=\"http:\/\/www.gv-eddersheim.de\/wp-content\/uploads\/2009\/05\/neu-1-450x299.jpg\" alt=\"Candy Girls 2011\" width=\"450\" height=\"299\" srcset=\"https:\/\/www.gv-eddersheim.de\/wp-content\/uploads\/2009\/05\/neu-1-450x299.jpg 450w, https:\/\/www.gv-eddersheim.de\/wp-content\/uploads\/2009\/05\/neu-1.jpg 491w\" sizes=\"auto, (max-width: 450px) 100vw, 450px\" \/><\/a><\/span><\/div>\n<p><strong><span style=\"color: #800000;\">Stolz auf unseren wundersch\u00f6nen Orden<\/span><\/strong><span style=\"letter-spacing: 0px;\"><a href=\"http:\/\/www.gv-eddersheim.de\/wp-content\/uploads\/2009\/05\/neu-2.jpg\"><img decoding=\"async\" class=\"aligncenter size-full wp-image-322\" title=\"Stolz auf unseren wundersch\u00f6nen Orden\" src=\"http:\/\/www.gv-eddersheim.de\/wp-content\/uploads\/2009\/05\/neu-2.jpg\" alt=\"Stolz auf unseren wundersch\u00f6nen Orden\" \/><\/a><\/span><\/p>\n<p><strong><span style=\"color: #800000;\">40 Jahre (2011) Candy Girls:<br \/>\nEine sch\u00f6ne Zeit mit vielen &#8222;Old-Candy Girls&#8220; anl\u00e4sslich unseres Jubil\u00e4um-Auftritts<\/span><\/strong><span style=\"letter-spacing: 0px;\"><a href=\"http:\/\/www.gv-eddersheim.de\/wp-content\/uploads\/2009\/05\/neu-3.jpg\"><img loading=\"lazy\" decoding=\"async\" class=\"size-full wp-image-323\" title=\"40 Jahre Candy Girls: Eine sch\u00f6ne Zeit mit vielen &quot;Old-Candy Girls&quot; anl\u00e4sslich unseres Jubil\u00e4um-Auftritts\" src=\"http:\/\/www.gv-eddersheim.de\/wp-content\/uploads\/2009\/05\/neu-3.jpg\" alt=\"40 Jahre Candy Girls: Eine sch\u00f6ne Zeit mit vielen &quot;Old-Candy Girls&quot; anl\u00e4sslich unseres Jubil\u00e4um-Auftritts\" width=\"491\" height=\"368\" \/><\/a><br \/>\n<\/span><\/p>\n","protected":false},"excerpt":{"rendered":"<p>Schaut man in den Kalender eines Candy Girls, so gibt es kaum einen Monat, wo nicht irgendwo Auftritt, Training, Treffen wegen Kost\u00fcmen o.\u00c4. zu lesen ist. Das ganze Jahr \u00fcber sind wir Candy Girls aktiv. Von Fasching bis zur Weihnachtsfeier und vom Drachenbootrennen bis hin zu unserem Getr\u00e4nkestand beim Eddersheimer Fischerfest. Wir M\u00e4dels zwischen 20 [&hellip;]<\/p>\n","protected":false},"author":2,"featured_media":0,"parent":145,"menu_order":2,"comment_status":"closed","ping_status":"closed","template":"","meta":{"footnotes":""},"class_list":["post-15","page","type-page","status-publish","hentry"],"_links":{"self":[{"href":"https:\/\/www.gv-eddersheim.de\/index.php?rest_route=\/wp\/v2\/pages\/15","targetHints":{"allow":["GET"]}}],"collection":[{"href":"https:\/\/www.gv-eddersheim.de\/index.php?rest_route=\/wp\/v2\/pages"}],"about":[{"href":"https:\/\/www.gv-eddersheim.de\/index.php?rest_route=\/wp\/v2\/types\/page"}],"author":[{"embeddable":true,"href":"https:\/\/www.gv-eddersheim.de\/index.php?rest_route=\/wp\/v2\/users\/2"}],"replies":[{"embeddable":true,"href":"https:\/\/www.gv-eddersheim.de\/index.php?rest_route=%2Fwp%2Fv2%2Fcomments&post=15"}],"version-history":[{"count":22,"href":"https:\/\/www.gv-eddersheim.de\/index.php?rest_route=\/wp\/v2\/pages\/15\/revisions"}],"predecessor-version":[{"id":1048,"href":"https:\/\/www.gv-eddersheim.de\/index.php?rest_route=\/wp\/v2\/pages\/15\/revisions\/1048"}],"up":[{"embeddable":true,"href":"https:\/\/www.gv-eddersheim.de\/index.php?rest_route=\/wp\/v2\/pages\/145"}],"wp:attachment":[{"href":"https:\/\/www.gv-eddersheim.de\/index.php?rest_route=%2Fwp%2Fv2%2Fmedia&parent=15"}],"curies":[{"name":"wp","href":"https:\/\/api.w.org\/{rel}","templated":true}]}}