{"id":11,"date":"2009-05-29T23:30:44","date_gmt":"2009-05-29T21:30:44","guid":{"rendered":"http:\/\/www.gv-eddersheim.de\/web\/?page_id=11"},"modified":"2024-02-16T11:07:34","modified_gmt":"2024-02-16T10:07:34","slug":"termine-und-proben","status":"publish","type":"page","link":"https:\/\/www.gv-eddersheim.de\/?page_id=11","title":{"rendered":"Proben"},"content":{"rendered":"<h3><span style=\"text-decoration: underline;\">\u00dcbungsstunden im Begegnungshaus Eddersheim<\/span>:<\/h3>\n<ul>\n<li>\n<h3><em><strong>Singen<\/strong><\/em><\/h3>\n<\/li>\n<li><strong>MainChor <\/strong>(Erwachsene)<br \/>\nMittwochs von 20:00 &#8211; 21:30 Uhr<\/li>\n<li><strong>Liederk\u00e4nzchen <\/strong>(5 &#8211; 10 j\u00e4hrige Kinder)<br \/>\nFreitags von 15:15 bis 16:15 Uhr<\/li>\n<li><strong>Zwergenchor <\/strong>(2 &#8211; 4 j\u00e4hrige Kinder)<\/li>\n<li>Dienstags von 16:15 bis 17:00 Uhr<\/li>\n<li>\n<h3><em><strong>Tanzen<\/strong><\/em><\/h3>\n<\/li>\n<li><strong>Sweetie Stars <\/strong>(5 &#8211; 10 j\u00e4hrige)<br \/>\nDienstags von 18:30 bis 20:00 Uhr<\/li>\n<li><strong>Sugar Babies<\/strong> (11 &#8211; 17 j\u00e4hrige)<br \/>\nMontags von 18.00 &#8211; 19.00 Uhr<\/li>\n<li><strong>Candy Girls <\/strong>(ab 18 Jahre )<br \/>\nMontags\u00a0 von 19.30 &#8211; 21.00 Uhr und<\/li>\n<li>Donnerstags von 19:30 &#8211; 21:00 Uhr<\/li>\n<\/ul>\n","protected":false},"excerpt":{"rendered":"<p>\u00dcbungsstunden im Begegnungshaus Eddersheim: Singen MainChor (Erwachsene) Mittwochs von 20:00 &#8211; 21:30 Uhr Liederk\u00e4nzchen (5 &#8211; 10 j\u00e4hrige Kinder) Freitags von 15:15 bis 16:15 Uhr Zwergenchor (2 &#8211; 4 j\u00e4hrige Kinder) Dienstags von 16:15 bis 17:00 Uhr Tanzen Sweetie Stars (5 &#8211; 10 j\u00e4hrige) Dienstags von 18:30 bis 20:00 Uhr Sugar Babies (11 &#8211; 17 [&hellip;]<\/p>\n","protected":false},"author":2,"featured_media":0,"parent":54,"menu_order":0,"comment_status":"closed","ping_status":"closed","template":"","meta":{"footnotes":""},"class_list":["post-11","page","type-page","status-publish","hentry"],"_links":{"self":[{"href":"https:\/\/www.gv-eddersheim.de\/index.php?rest_route=\/wp\/v2\/pages\/11","targetHints":{"allow":["GET"]}}],"collection":[{"href":"https:\/\/www.gv-eddersheim.de\/index.php?rest_route=\/wp\/v2\/pages"}],"about":[{"href":"https:\/\/www.gv-eddersheim.de\/index.php?rest_route=\/wp\/v2\/types\/page"}],"author":[{"embeddable":true,"href":"https:\/\/www.gv-eddersheim.de\/index.php?rest_route=\/wp\/v2\/users\/2"}],"replies":[{"embeddable":true,"href":"https:\/\/www.gv-eddersheim.de\/index.php?rest_route=%2Fwp%2Fv2%2Fcomments&post=11"}],"version-history":[{"count":39,"href":"https:\/\/www.gv-eddersheim.de\/index.php?rest_route=\/wp\/v2\/pages\/11\/revisions"}],"predecessor-version":[{"id":1154,"href":"https:\/\/www.gv-eddersheim.de\/index.php?rest_route=\/wp\/v2\/pages\/11\/revisions\/1154"}],"up":[{"embeddable":true,"href":"https:\/\/www.gv-eddersheim.de\/index.php?rest_route=\/wp\/v2\/pages\/54"}],"wp:attachment":[{"href":"https:\/\/www.gv-eddersheim.de\/index.php?rest_route=%2Fwp%2Fv2%2Fmedia&parent=11"}],"curies":[{"name":"wp","href":"https:\/\/api.w.org\/{rel}","templated":true}]}}