{"id":109,"date":"2009-05-30T01:58:01","date_gmt":"2009-05-29T23:58:01","guid":{"rendered":"http:\/\/www.gv-eddersheim.de\/web\/?page_id=109"},"modified":"2023-06-07T19:07:08","modified_gmt":"2023-06-07T17:07:08","slug":"kontakt","status":"publish","type":"page","link":"https:\/\/www.gv-eddersheim.de\/?page_id=109","title":{"rendered":"Vorstand"},"content":{"rendered":"<p><strong>Vorstand Gesangverein Liederkranz-Eintracht Eddersheim e.V.<\/strong><\/p>\n<p><strong>1. Vorsitzende:<\/strong><\/p>\n<ul>\n<li><strong>Harry Bartels<\/strong>, Bahnhofstr. 47, 65795 Hattersheim<\/li>\n<li>Tel. 06145 31003<\/li>\n<\/ul>\n<p><strong>2. Vorsitzende:<\/strong><\/p>\n<ul>\n<li><strong>Heidrun G\u00e4rtner<\/strong>, Parkstr. 59, 65795 Hattersheim<br \/>\nTel. 06145 990574<\/li>\n<\/ul>\n<p><strong>Schriftf\u00fchrerin: <\/strong><\/p>\n<ul>\n<li><strong>Erika Stapf<\/strong>, Frankenstr. 7, 65795 Hattersheim<br \/>\nTel. 06145 33107<\/li>\n<\/ul>\n<p><strong>Schatzmeisterin:<\/strong><\/p>\n<ul>\n<li><strong>Inge Blisch<\/strong>, Am wei\u00dfen Stein 16, 65975 Hattersheim<br \/>\nTel. 06145 30182<\/li>\n<\/ul>\n","protected":false},"excerpt":{"rendered":"<p>Vorstand Gesangverein Liederkranz-Eintracht Eddersheim e.V. 1. Vorsitzende: Harry Bartels, Bahnhofstr. 47, 65795 Hattersheim Tel. 06145 31003 2. Vorsitzende: Heidrun G\u00e4rtner, Parkstr. 59, 65795 Hattersheim Tel. 06145 990574 Schriftf\u00fchrerin: Erika Stapf, Frankenstr. 7, 65795 Hattersheim Tel. 06145 33107 Schatzmeisterin: Inge Blisch, Am wei\u00dfen Stein 16, 65975 Hattersheim Tel. 06145 30182<\/p>\n","protected":false},"author":2,"featured_media":0,"parent":54,"menu_order":3,"comment_status":"closed","ping_status":"closed","template":"","meta":{"footnotes":""},"class_list":["post-109","page","type-page","status-publish","hentry"],"_links":{"self":[{"href":"https:\/\/www.gv-eddersheim.de\/index.php?rest_route=\/wp\/v2\/pages\/109","targetHints":{"allow":["GET"]}}],"collection":[{"href":"https:\/\/www.gv-eddersheim.de\/index.php?rest_route=\/wp\/v2\/pages"}],"about":[{"href":"https:\/\/www.gv-eddersheim.de\/index.php?rest_route=\/wp\/v2\/types\/page"}],"author":[{"embeddable":true,"href":"https:\/\/www.gv-eddersheim.de\/index.php?rest_route=\/wp\/v2\/users\/2"}],"replies":[{"embeddable":true,"href":"https:\/\/www.gv-eddersheim.de\/index.php?rest_route=%2Fwp%2Fv2%2Fcomments&post=109"}],"version-history":[{"count":25,"href":"https:\/\/www.gv-eddersheim.de\/index.php?rest_route=\/wp\/v2\/pages\/109\/revisions"}],"predecessor-version":[{"id":1136,"href":"https:\/\/www.gv-eddersheim.de\/index.php?rest_route=\/wp\/v2\/pages\/109\/revisions\/1136"}],"up":[{"embeddable":true,"href":"https:\/\/www.gv-eddersheim.de\/index.php?rest_route=\/wp\/v2\/pages\/54"}],"wp:attachment":[{"href":"https:\/\/www.gv-eddersheim.de\/index.php?rest_route=%2Fwp%2Fv2%2Fmedia&parent=109"}],"curies":[{"name":"wp","href":"https:\/\/api.w.org\/{rel}","templated":true}]}}